{"id":137,"date":"2025-06-12T19:49:45","date_gmt":"2025-06-12T16:49:45","guid":{"rendered":"https:\/\/emrcambalkon.com\/?page_id=137"},"modified":"2025-06-12T19:49:45","modified_gmt":"2025-06-12T16:49:45","slug":"cerez-politikasi","status":"publish","type":"page","link":"https:\/\/emrcambalkon.com\/en\/cerez-politikasi\/","title":{"rendered":"Cookie Policy"},"content":{"rendered":"<p>The purpose of this text is to inform you about the processing of personal data obtained automatically through the placement of cookies used by the website you are visiting on your device, what types of cookies we use for what purposes and how you can manage these cookies. Within the platform, there are mandatory cookies that we use in order to fulfill the services and other types of cookies that depend on the explicit consent of the users.<\/p>\n<h2>What is a Cookie?<\/h2>\n<p>Cookies are low-dimensional rich text formats that allow certain information about users to be stored on users' terminal devices when a website is visited. Cookies can be stored on your device through your browser during your first visit to a website, and when you visit the same website again with the same device, your browser checks whether there is a cookie stored on your device on behalf of the site. If there is a record, it transmits the data in the record to the website you are visiting. In this way, the website detects your previous visit and determines the content to be delivered to you accordingly.<\/p>\n<h2>Why are cookies used?<\/h2>\n<p>Cookies are used for more efficient operation of the website and to provide services more suitable for the personal needs of its users. The cookies we use fulfill functions such as collecting information, increasing the functionality and performance of our website, improving the user experience and fulfilling legal obligations. In addition, thanks to the cookies we use:<\/p>\n<ol>\n<li>Your session information is protected and your security is ensured.<\/li>\n<li>Your on-site experience is improved and accelerated.<\/li>\n<li>Your preferences are remembered and customized content is offered to you.<\/li>\n<li>Service quality is improved by analyzing site usage.<\/li>\n<\/ol>\n<h2>Types of Cookies Used and Purposes of Use<\/h2>\n<h3>Mandatory Cookies<\/h3>\n<p>Mandatory cookies are cookies that are necessary for a website to function. These cookies are used compulsorily in order to fulfill an information collection service (such as log-in, form filling, remembering privacy preferences) requested by the user. In the event that mandatory cookies that are not for marketing purposes are blocked, some parts of the website will not work and the website will not be able to fulfill its expected function.<\/p>\n<h2>Cookie Management<\/h2>\n<p>You can change your cookie preferences at any time in your browser settings. You can disable cookies completely or allow certain types of cookies. Most browsers are set to accept cookies by default, but you can change your browser settings to refuse cookies or set it to alert you when cookies are being sent. For more information, please contact us at info@emrcambalkon.com.<\/p>\n<h2>Browser Settings<\/h2>\n<p>Through the cookie management panel, users can see the types of cookies used on our website and set their preferences for all cookies other than Mandatory Cookies. You can use the links below to change the cookie settings of popular browsers:<\/p>\n<ol>\n<li>Google Chrome: chrome:\/\/settings\/cookies<\/li>\n<li>Mozilla Firefox: about:preferences#privacy<\/li>\n<li>Safari Preferences &gt; Privacy<\/li>\n<li>Microsoft Edge: edge:\/\/settings\/privacy<\/li>\n<li>Opera: opera:\/\/settings\/privacy<\/li>\n<\/ol>\n<h2>Updates<\/h2>\n<p>This Cookie Policy is updated when necessary. Changes take effect as soon as they are published.<\/p>\n<p>Date of last update: <strong>June 12, 2025<\/strong><\/p>","protected":false},"excerpt":{"rendered":"<p>Bu metnin amac\u0131, ziyaret etmekte oldu\u011funuz \u0130nternet sitesi taraf\u0131ndan kullan\u0131lan \u00e7erezlerin cihaz\u0131n\u0131za yerle\u015ftirilmesi arac\u0131l\u0131\u011f\u0131yla otomatik yolla elde edilen ki\u015fisel verilerin i\u015flenmesine ili\u015fkin olarak, hangi ama\u00e7larla hangi<span class=\"excerpt-hellip\"> [\u2026]<\/span><\/p>","protected":false},"author":1,"featured_media":-1,"parent":0,"menu_order":0,"comment_status":"closed","ping_status":"closed","template":"","meta":{"footnotes":""},"class_list":["post-137","page","type-page","status-publish","has-post-thumbnail","hentry"],"yoast_head":"<!-- This site is optimized with the Yoast SEO plugin v25.3.1 - https:\/\/yoast.com\/wordpress\/plugins\/seo\/ -->\n<title>\u00c7erez Politikas\u0131 - EMR Cam Balkon Sistemleri<\/title>\n<meta name=\"robots\" content=\"index, follow, max-snippet:-1, max-image-preview:large, max-video-preview:-1\" \/>\n<link rel=\"canonical\" href=\"https:\/\/emrcambalkon.com\/en\/cerez-politikasi\/\" \/>\n<meta property=\"og:locale\" content=\"en_US\" \/>\n<meta property=\"og:type\" content=\"article\" \/>\n<meta property=\"og:title\" content=\"\u00c7erez Politikas\u0131 - EMR Cam Balkon Sistemleri\" \/>\n<meta property=\"og:description\" content=\"Bu metnin amac\u0131, ziyaret etmekte oldu\u011funuz \u0130nternet sitesi taraf\u0131ndan kullan\u0131lan \u00e7erezlerin cihaz\u0131n\u0131za yerle\u015ftirilmesi arac\u0131l\u0131\u011f\u0131yla otomatik yolla elde edilen ki\u015fisel verilerin i\u015flenmesine ili\u015fkin olarak, hangi ama\u00e7larla hangi [\u2026]\" \/>\n<meta property=\"og:url\" content=\"https:\/\/emrcambalkon.com\/en\/cerez-politikasi\/\" \/>\n<meta property=\"og:site_name\" content=\"EMR Cam Balkon Sistemleri\" \/>\n<meta name=\"twitter:card\" content=\"summary_large_image\" \/>\n<meta name=\"twitter:label1\" content=\"Est. reading time\" \/>\n\t<meta name=\"twitter:data1\" content=\"3 minutes\" \/>\n<script type=\"application\/ld+json\" class=\"yoast-schema-graph\">{\"@context\":\"https:\/\/schema.org\",\"@graph\":[{\"@type\":\"WebPage\",\"@id\":\"https:\/\/emrcambalkon.com\/cerez-politikasi\/\",\"url\":\"https:\/\/emrcambalkon.com\/cerez-politikasi\/\",\"name\":\"\u00c7erez Politikas\u0131 - EMR Cam Balkon Sistemleri\",\"isPartOf\":{\"@id\":\"https:\/\/emrcambalkon.com\/#website\"},\"datePublished\":\"2025-06-12T16:49:45+00:00\",\"breadcrumb\":{\"@id\":\"https:\/\/emrcambalkon.com\/cerez-politikasi\/#breadcrumb\"},\"inLanguage\":\"en-US\",\"potentialAction\":[{\"@type\":\"ReadAction\",\"target\":[\"https:\/\/emrcambalkon.com\/cerez-politikasi\/\"]}]},{\"@type\":\"BreadcrumbList\",\"@id\":\"https:\/\/emrcambalkon.com\/cerez-politikasi\/#breadcrumb\",\"itemListElement\":[{\"@type\":\"ListItem\",\"position\":1,\"name\":\"Anasayfa\",\"item\":\"https:\/\/emrcambalkon.com\/\"},{\"@type\":\"ListItem\",\"position\":2,\"name\":\"\u00c7erez Politikas\u0131\"}]},{\"@type\":\"WebSite\",\"@id\":\"https:\/\/emrcambalkon.com\/#website\",\"url\":\"https:\/\/emrcambalkon.com\/\",\"name\":\"EMR Cam Balkon Sistemleri\",\"description\":\"Profesyonel \u00c7\u00f6z\u00fcmler\",\"potentialAction\":[{\"@type\":\"SearchAction\",\"target\":{\"@type\":\"EntryPoint\",\"urlTemplate\":\"https:\/\/emrcambalkon.com\/?s={search_term_string}\"},\"query-input\":{\"@type\":\"PropertyValueSpecification\",\"valueRequired\":true,\"valueName\":\"search_term_string\"}}],\"inLanguage\":\"en-US\"}]}<\/script>\n<!-- \/ Yoast SEO plugin. -->","yoast_head_json":{"title":"\u00c7erez Politikas\u0131 - EMR Cam Balkon Sistemleri","robots":{"index":"index","follow":"follow","max-snippet":"max-snippet:-1","max-image-preview":"max-image-preview:large","max-video-preview":"max-video-preview:-1"},"canonical":"https:\/\/emrcambalkon.com\/en\/cerez-politikasi\/","og_locale":"en_US","og_type":"article","og_title":"\u00c7erez Politikas\u0131 - EMR Cam Balkon Sistemleri","og_description":"Bu metnin amac\u0131, ziyaret etmekte oldu\u011funuz \u0130nternet sitesi taraf\u0131ndan kullan\u0131lan \u00e7erezlerin cihaz\u0131n\u0131za yerle\u015ftirilmesi arac\u0131l\u0131\u011f\u0131yla otomatik yolla elde edilen ki\u015fisel verilerin i\u015flenmesine ili\u015fkin olarak, hangi ama\u00e7larla hangi [\u2026]","og_url":"https:\/\/emrcambalkon.com\/en\/cerez-politikasi\/","og_site_name":"EMR Cam Balkon Sistemleri","twitter_card":"summary_large_image","twitter_misc":{"Est. reading time":"3 minutes"},"schema":{"@context":"https:\/\/schema.org","@graph":[{"@type":"WebPage","@id":"https:\/\/emrcambalkon.com\/cerez-politikasi\/","url":"https:\/\/emrcambalkon.com\/cerez-politikasi\/","name":"\u00c7erez Politikas\u0131 - EMR Cam Balkon Sistemleri","isPartOf":{"@id":"https:\/\/emrcambalkon.com\/#website"},"datePublished":"2025-06-12T16:49:45+00:00","breadcrumb":{"@id":"https:\/\/emrcambalkon.com\/cerez-politikasi\/#breadcrumb"},"inLanguage":"en-US","potentialAction":[{"@type":"ReadAction","target":["https:\/\/emrcambalkon.com\/cerez-politikasi\/"]}]},{"@type":"BreadcrumbList","@id":"https:\/\/emrcambalkon.com\/cerez-politikasi\/#breadcrumb","itemListElement":[{"@type":"ListItem","position":1,"name":"Anasayfa","item":"https:\/\/emrcambalkon.com\/"},{"@type":"ListItem","position":2,"name":"\u00c7erez Politikas\u0131"}]},{"@type":"WebSite","@id":"https:\/\/emrcambalkon.com\/#website","url":"https:\/\/emrcambalkon.com\/","name":"EMR Cam Balkon Sistemleri","description":"Profesyonel \u00c7\u00f6z\u00fcmler","potentialAction":[{"@type":"SearchAction","target":{"@type":"EntryPoint","urlTemplate":"https:\/\/emrcambalkon.com\/?s={search_term_string}"},"query-input":{"@type":"PropertyValueSpecification","valueRequired":true,"valueName":"search_term_string"}}],"inLanguage":"en-US"}]}},"_links":{"self":[{"href":"https:\/\/emrcambalkon.com\/en\/wp-json\/wp\/v2\/pages\/137","targetHints":{"allow":["GET"]}}],"collection":[{"href":"https:\/\/emrcambalkon.com\/en\/wp-json\/wp\/v2\/pages"}],"about":[{"href":"https:\/\/emrcambalkon.com\/en\/wp-json\/wp\/v2\/types\/page"}],"author":[{"embeddable":true,"href":"https:\/\/emrcambalkon.com\/en\/wp-json\/wp\/v2\/users\/1"}],"replies":[{"embeddable":true,"href":"https:\/\/emrcambalkon.com\/en\/wp-json\/wp\/v2\/comments?post=137"}],"version-history":[{"count":1,"href":"https:\/\/emrcambalkon.com\/en\/wp-json\/wp\/v2\/pages\/137\/revisions"}],"predecessor-version":[{"id":138,"href":"https:\/\/emrcambalkon.com\/en\/wp-json\/wp\/v2\/pages\/137\/revisions\/138"}],"wp:featuredmedia":[{"embeddable":true,"href":"https:\/\/emrcambalkon.com\/en\/wp-json\/"}],"wp:attachment":[{"href":"https:\/\/emrcambalkon.com\/en\/wp-json\/wp\/v2\/media?parent=137"}],"curies":[{"name":"wp","href":"https:\/\/api.w.org\/{rel}","templated":true}]}}