{"id":79,"date":"2025-06-05T14:10:21","date_gmt":"2025-06-05T11:10:21","guid":{"rendered":"https:\/\/emrcambalkon.com\/?page_id=79"},"modified":"2025-06-30T19:39:19","modified_gmt":"2025-06-30T19:39:19","slug":"bize-ulasin","status":"publish","type":"page","link":"https:\/\/emrcambalkon.com\/en\/bize-ulasin\/","title":{"rendered":"Contact us"},"content":{"rendered":"","protected":false},"excerpt":{"rendered":"","protected":false},"author":1,"featured_media":-1,"parent":0,"menu_order":0,"comment_status":"closed","ping_status":"closed","template":"","meta":{"footnotes":""},"class_list":["post-79","page","type-page","status-publish","has-post-thumbnail","hentry"],"yoast_head":"<!-- This site is optimized with the Yoast SEO plugin v25.3.1 - https:\/\/yoast.com\/wordpress\/plugins\/seo\/ -->\n<title>Bize Ula\u015f\u0131n - EMR Cam Balkon Sistemleri<\/title>\n<meta name=\"robots\" content=\"index, follow, max-snippet:-1, max-image-preview:large, max-video-preview:-1\" \/>\n<link rel=\"canonical\" href=\"https:\/\/emrcambalkon.com\/en\/bize-ulasin\/\" \/>\n<meta property=\"og:locale\" content=\"en_US\" \/>\n<meta property=\"og:type\" content=\"article\" \/>\n<meta property=\"og:title\" content=\"Bize Ula\u015f\u0131n - EMR Cam Balkon Sistemleri\" \/>\n<meta property=\"og:url\" content=\"https:\/\/emrcambalkon.com\/en\/bize-ulasin\/\" \/>\n<meta property=\"og:site_name\" content=\"EMR Cam Balkon Sistemleri\" \/>\n<meta property=\"article:modified_time\" content=\"2025-06-30T19:39:19+00:00\" \/>\n<meta name=\"twitter:card\" content=\"summary_large_image\" \/>\n<script type=\"application\/ld+json\" class=\"yoast-schema-graph\">{\"@context\":\"https:\/\/schema.org\",\"@graph\":[{\"@type\":\"WebPage\",\"@id\":\"https:\/\/emrcambalkon.com\/bize-ulasin\/\",\"url\":\"https:\/\/emrcambalkon.com\/bize-ulasin\/\",\"name\":\"Bize Ula\u015f\u0131n - EMR Cam Balkon Sistemleri\",\"isPartOf\":{\"@id\":\"https:\/\/emrcambalkon.com\/#website\"},\"datePublished\":\"2025-06-05T11:10:21+00:00\",\"dateModified\":\"2025-06-30T19:39:19+00:00\",\"breadcrumb\":{\"@id\":\"https:\/\/emrcambalkon.com\/bize-ulasin\/#breadcrumb\"},\"inLanguage\":\"en-US\",\"potentialAction\":[{\"@type\":\"ReadAction\",\"target\":[\"https:\/\/emrcambalkon.com\/bize-ulasin\/\"]}]},{\"@type\":\"BreadcrumbList\",\"@id\":\"https:\/\/emrcambalkon.com\/bize-ulasin\/#breadcrumb\",\"itemListElement\":[{\"@type\":\"ListItem\",\"position\":1,\"name\":\"Anasayfa\",\"item\":\"https:\/\/emrcambalkon.com\/\"},{\"@type\":\"ListItem\",\"position\":2,\"name\":\"Bize Ula\u015f\u0131n\"}]},{\"@type\":\"WebSite\",\"@id\":\"https:\/\/emrcambalkon.com\/#website\",\"url\":\"https:\/\/emrcambalkon.com\/\",\"name\":\"EMR Cam Balkon Sistemleri\",\"description\":\"Profesyonel \u00c7\u00f6z\u00fcmler\",\"potentialAction\":[{\"@type\":\"SearchAction\",\"target\":{\"@type\":\"EntryPoint\",\"urlTemplate\":\"https:\/\/emrcambalkon.com\/?s={search_term_string}\"},\"query-input\":{\"@type\":\"PropertyValueSpecification\",\"valueRequired\":true,\"valueName\":\"search_term_string\"}}],\"inLanguage\":\"en-US\"}]}<\/script>\n<!-- \/ Yoast SEO plugin. -->","yoast_head_json":{"title":"Bize Ula\u015f\u0131n - EMR Cam Balkon Sistemleri","robots":{"index":"index","follow":"follow","max-snippet":"max-snippet:-1","max-image-preview":"max-image-preview:large","max-video-preview":"max-video-preview:-1"},"canonical":"https:\/\/emrcambalkon.com\/en\/bize-ulasin\/","og_locale":"en_US","og_type":"article","og_title":"Bize Ula\u015f\u0131n - EMR Cam Balkon Sistemleri","og_url":"https:\/\/emrcambalkon.com\/en\/bize-ulasin\/","og_site_name":"EMR Cam Balkon Sistemleri","article_modified_time":"2025-06-30T19:39:19+00:00","twitter_card":"summary_large_image","schema":{"@context":"https:\/\/schema.org","@graph":[{"@type":"WebPage","@id":"https:\/\/emrcambalkon.com\/bize-ulasin\/","url":"https:\/\/emrcambalkon.com\/bize-ulasin\/","name":"Bize Ula\u015f\u0131n - EMR Cam Balkon Sistemleri","isPartOf":{"@id":"https:\/\/emrcambalkon.com\/#website"},"datePublished":"2025-06-05T11:10:21+00:00","dateModified":"2025-06-30T19:39:19+00:00","breadcrumb":{"@id":"https:\/\/emrcambalkon.com\/bize-ulasin\/#breadcrumb"},"inLanguage":"en-US","potentialAction":[{"@type":"ReadAction","target":["https:\/\/emrcambalkon.com\/bize-ulasin\/"]}]},{"@type":"BreadcrumbList","@id":"https:\/\/emrcambalkon.com\/bize-ulasin\/#breadcrumb","itemListElement":[{"@type":"ListItem","position":1,"name":"Anasayfa","item":"https:\/\/emrcambalkon.com\/"},{"@type":"ListItem","position":2,"name":"Bize Ula\u015f\u0131n"}]},{"@type":"WebSite","@id":"https:\/\/emrcambalkon.com\/#website","url":"https:\/\/emrcambalkon.com\/","name":"EMR Cam Balkon Sistemleri","description":"Profesyonel \u00c7\u00f6z\u00fcmler","potentialAction":[{"@type":"SearchAction","target":{"@type":"EntryPoint","urlTemplate":"https:\/\/emrcambalkon.com\/?s={search_term_string}"},"query-input":{"@type":"PropertyValueSpecification","valueRequired":true,"valueName":"search_term_string"}}],"inLanguage":"en-US"}]}},"_links":{"self":[{"href":"https:\/\/emrcambalkon.com\/en\/wp-json\/wp\/v2\/pages\/79","targetHints":{"allow":["GET"]}}],"collection":[{"href":"https:\/\/emrcambalkon.com\/en\/wp-json\/wp\/v2\/pages"}],"about":[{"href":"https:\/\/emrcambalkon.com\/en\/wp-json\/wp\/v2\/types\/page"}],"author":[{"embeddable":true,"href":"https:\/\/emrcambalkon.com\/en\/wp-json\/wp\/v2\/users\/1"}],"replies":[{"embeddable":true,"href":"https:\/\/emrcambalkon.com\/en\/wp-json\/wp\/v2\/comments?post=79"}],"version-history":[{"count":1,"href":"https:\/\/emrcambalkon.com\/en\/wp-json\/wp\/v2\/pages\/79\/revisions"}],"predecessor-version":[{"id":80,"href":"https:\/\/emrcambalkon.com\/en\/wp-json\/wp\/v2\/pages\/79\/revisions\/80"}],"wp:featuredmedia":[{"embeddable":true,"href":"https:\/\/emrcambalkon.com\/en\/wp-json\/"}],"wp:attachment":[{"href":"https:\/\/emrcambalkon.com\/en\/wp-json\/wp\/v2\/media?parent=79"}],"curies":[{"name":"wp","href":"https:\/\/api.w.org\/{rel}","templated":true}]}}